{"id":799,"date":"2021-06-02T09:12:57","date_gmt":"2021-06-02T09:12:57","guid":{"rendered":"https:\/\/scienceofhearing.ca\/?page_id=799"},"modified":"2021-06-04T15:08:21","modified_gmt":"2021-06-04T15:08:21","slug":"reservez-un-test-auditif","status":"publish","type":"page","link":"https:\/\/scienceofhearing.ca\/fr\/reservez-un-test-auditif\/","title":{"rendered":"R\u00e9servez un test auditif"},"content":{"rendered":"<h2>Pour nous joindre<\/h2>\n<p>Les professionnels qui exercent dans la clinique vous contacteront pour d\u00e9terminer le moment id\u00e9al pour une rencontre.Compl\u00e8tez le formulaire ci-dessous.<\/p>\n","protected":false},"excerpt":{"rendered":"<p>Pour nous joindre Les professionnels qui exercent dans la clinique vous contacteront pour d\u00e9terminer le moment id\u00e9al pour une rencontre.Compl\u00e8tez [&hellip;]<\/p>\n","protected":false},"author":1,"featured_media":651,"parent":0,"menu_order":0,"comment_status":"closed","ping_status":"closed","template":"templates\/template-book-an-audiology-test.php","meta":{"_acf_changed":false,"footnotes":""},"class_list":["post-799","page","type-page","status-publish","has-post-thumbnail","hentry"],"acf":[],"_links":{"self":[{"href":"https:\/\/scienceofhearing.ca\/fr\/wp-json\/wp\/v2\/pages\/799","targetHints":{"allow":["GET"]}}],"collection":[{"href":"https:\/\/scienceofhearing.ca\/fr\/wp-json\/wp\/v2\/pages"}],"about":[{"href":"https:\/\/scienceofhearing.ca\/fr\/wp-json\/wp\/v2\/types\/page"}],"author":[{"embeddable":true,"href":"https:\/\/scienceofhearing.ca\/fr\/wp-json\/wp\/v2\/users\/1"}],"replies":[{"embeddable":true,"href":"https:\/\/scienceofhearing.ca\/fr\/wp-json\/wp\/v2\/comments?post=799"}],"version-history":[{"count":0,"href":"https:\/\/scienceofhearing.ca\/fr\/wp-json\/wp\/v2\/pages\/799\/revisions"}],"wp:featuredmedia":[{"embeddable":true,"href":"https:\/\/scienceofhearing.ca\/fr\/wp-json\/wp\/v2\/media\/651"}],"wp:attachment":[{"href":"https:\/\/scienceofhearing.ca\/fr\/wp-json\/wp\/v2\/media?parent=799"}],"curies":[{"name":"wp","href":"https:\/\/api.w.org\/{rel}","templated":true}]}}